{"id":3,"date":"2021-01-22T16:46:29","date_gmt":"2021-01-22T15:46:29","guid":{"rendered":"http:\/\/ktgfgbb.cluster030.hosting.ovh.net\/?page_id=3"},"modified":"2021-06-01T20:06:16","modified_gmt":"2021-06-01T18:06:16","slug":"mentionslegales","status":"publish","type":"page","link":"https:\/\/ateliersfaure.com\/fr\/mentionslegales\/","title":{"rendered":"Mentions l\u00e9gales"},"content":{"rendered":"\n<h2><\/h2>\n\n\n\n<p><strong>Editeur \/ Entreprise :&nbsp;<\/strong><\/p>\n\n\n\n<p><strong>ATELIERS FAURE <\/strong><br>28 T rue Guersant<br>75017 PARIS<\/p>\n\n\n\n<p>SIRET : 881 466 932 R.C.S. <br>Tel&nbsp;: +33 (0) 6 16 29 38 29<\/p>\n\n\n\n<p><a href=\"mailto:stephane@ateliersfaure.com\">info@ateliersfaure.com<\/a><\/p>\n\n\n\n<p>G\u00e9rant : St\u00e9phane Faure<\/p>\n\n\n\n<p><strong><br>H\u00e9bergeur :<\/strong><\/p>\n\n\n\n<p>OVH<\/p>\n\n\n\n<p>2 rue Kellermann 59100 ROUBAIX France<\/p>\n\n\n\n<p>www.ovh.com<\/p>\n\n\n\n<p><strong><br>R\u00e9alisation du site internet :<\/strong><\/p>\n\n\n\n<p>GERALDINE FRAINAIS<br><a href=\"http:\/\/www.gfcreativesolutions.com\/\">GF CREATIVE SOLUTIONS<\/a><\/p>\n\n\n\n<p><strong><br>&nbsp;Photographe :<\/strong><\/p>\n\n\n\n<p><a href=\"https:\/\/www.geraldknightsphoto.com\/\">GERALD KNIGHTS<\/a><\/p>\n\n\n\n<p><\/p>\n\n\n\n<p><\/p>\n\n\n\n<p><\/p>\n\n\n\n<p><strong>Droit d\u2019auteur &amp;&nbsp;Propri\u00e9t\u00e9 intellectuelle<\/strong><\/p>\n\n\n\n<p>L\u2019ensemble de ce site rel\u00e8ve de la l\u00e9gislation fran\u00e7aise et internationale sur le droit d\u2019auteur et la propri\u00e9t\u00e9 intellectuelle.&nbsp;Ce site respecte le droit d\u2019auteur.Tous les droits des auteurs des \u0153uvres prot\u00e9g\u00e9es reproduites et communiqu\u00e9es sur ce site, sont r\u00e9serv\u00e9s. Sauf autorisation, toute utilisation des \u0153uvres autres que la reproduction et la consultation individuelles et priv\u00e9es sont interdites.&nbsp;Tout le contenu du pr\u00e9sent site www.ateliersfaure.com, incluant, de fa\u00e7on non limitative,&nbsp;les graphismes, images, textes, vid\u00e9os, animations, sons, logos,&nbsp;gifs et ic\u00f4nes ainsi que leur mise en forme sont la propri\u00e9t\u00e9 exclusive de la soci\u00e9t\u00e9 \u00e0 l\u2019exception&nbsp;des marques,&nbsp;logos ou contenus appartenant \u00e0 d\u2019autres soci\u00e9t\u00e9s partenaires ou auteurs.&nbsp;Toute reproduction, distribution, modification, adaptation, retransmission ou publication, m\u00eame partielle,&nbsp;de ces diff\u00e9rents \u00e9l\u00e9ments est strictement interdite sans l\u2019accord expr\u00e8s par \u00e9crit des Ateliers Faure.&nbsp;Cette repr\u00e9sentation ou reproduction, par quelque proc\u00e9d\u00e9 que ce soit, constitue une contrefa\u00e7on sanctionn\u00e9e par les articles L.335-2 et suivants du Code de la propri\u00e9t\u00e9 intellectuelle.&nbsp;Le non-respect de cette interdiction constitue une contrefa\u00e7on pouvant engager la responsabilit\u00e9 civile et p\u00e9nale du contrefacteur. En outre, les propri\u00e9taires des contenus copi\u00e9s pourraient intenter une action en justice \u00e0 votre encontre. Tout lien avec ce site web doit faire pr\u00e9alablement l\u2019objet d\u2019une information adress\u00e9e par email, Ateliers Faure se r\u00e9servant le droit d\u2019exiger la suppression de ce lien.&nbsp;Merci pour votre visite, vous pouvez nous&nbsp;joindre&nbsp;par email \u00e0 l\u2019adresse&nbsp;<a href=\"mailto:info@sybilleholmberg.com\"><\/a><a href=\"mailto:info@sybilleholmberg.com\">info@ateliersfaure.com<\/a><\/p>\n","protected":false},"excerpt":{"rendered":"<p>Editeur \/ Entreprise :&nbsp; ATELIERS FAURE 28 T rue Guersant75017 PARIS SIRET : 881 466 932 R.C.S. Tel&nbsp;: +33 (0) 6 16 29 38 29 info@ateliersfaure.com G\u00e9rant : St\u00e9phane Faure H\u00e9bergeur : OVH 2 rue Kellermann 59100 ROUBAIX France www.ovh.com R\u00e9alisation du site internet : GERALDINE FRAINAISGF CREATIVE SOLUTIONS &nbsp;Photographe [&hellip;]<\/p>\n","protected":false},"author":1,"featured_media":0,"parent":0,"menu_order":0,"comment_status":"closed","ping_status":"closed","template":"","meta":[],"_links":{"self":[{"href":"https:\/\/ateliersfaure.com\/fr\/wp-json\/wp\/v2\/pages\/3"}],"collection":[{"href":"https:\/\/ateliersfaure.com\/fr\/wp-json\/wp\/v2\/pages"}],"about":[{"href":"https:\/\/ateliersfaure.com\/fr\/wp-json\/wp\/v2\/types\/page"}],"author":[{"embeddable":true,"href":"https:\/\/ateliersfaure.com\/fr\/wp-json\/wp\/v2\/users\/1"}],"replies":[{"embeddable":true,"href":"https:\/\/ateliersfaure.com\/fr\/wp-json\/wp\/v2\/comments?post=3"}],"version-history":[{"count":14,"href":"https:\/\/ateliersfaure.com\/fr\/wp-json\/wp\/v2\/pages\/3\/revisions"}],"predecessor-version":[{"id":7440,"href":"https:\/\/ateliersfaure.com\/fr\/wp-json\/wp\/v2\/pages\/3\/revisions\/7440"}],"wp:attachment":[{"href":"https:\/\/ateliersfaure.com\/fr\/wp-json\/wp\/v2\/media?parent=3"}],"curies":[{"name":"wp","href":"https:\/\/api.w.org\/{rel}","templated":true}]}}