{"id":5460,"date":"2018-04-30T13:27:49","date_gmt":"2018-04-30T13:27:49","guid":{"rendered":"http:\/\/dessau.select-themes.com\/?page_id=20"},"modified":"2021-03-15T09:12:40","modified_gmt":"2021-03-15T08:12:40","slug":"hh","status":"publish","type":"page","link":"https:\/\/ateliersfaure.com\/fr\/hh\/","title":{"rendered":"HH"},"content":{"rendered":"<p>[vc_row][vc_column]<div class=\"qodef-elements-holder   qodef-one-column  qodef-responsive-mode-768  qodef-eh-lift \" ><div class=\"qodef-eh-item     qodef-eh-shadow\"  data-item-class=\"qodef-eh-custom-4159\">\n\t<div class=\"qodef-eh-item-inner\">\n\t\t<div class=\"qodef-eh-item-content qodef-eh-custom-4159\" >\n\t\t\t<div class=\"qodef-portfolio-stack-slider-holder\"><div class=\"qodef-portfolio-list-holder qodef-grid-list qodef-pl-gallery qodef-one-columns qodef-no-space qodef-pl-stack-slider    qodef-pl-pag-no-pagination      \"  data-type=gallery data-number-of-columns=one data-space-between-items=no data-number-of-items=-1 data-image-proportions=full data-enable-fixed-proportions=no data-enable-image-shadow=no data-category=residentiel data-orderby=date data-order=ASC data-item-style=stack-slider data-enable-title=yes data-title-tag=h6 data-title-text-transform=uppercase data-enable-category=yes data-enable-count-images=no data-enable-excerpt=no data-excerpt-length=20 data-pagination-type=no-pagination data-filter=no data-filter-order-by=name data-enable-article-animation=no data-portfolio-slider-on=no data-enable-loop=yes data-enable-autoplay=yes data-slider-speed=5000 data-slider-speed-animation=1000 data-enable-navigation=yes data-enable-pagination=yes data-enable-mousewheel-scroll=no data-max-num-pages=0 data-next-page=2>\n\t\t<div class=\"qodef-pl-inner qodef-outer-space qodef-stack-slider clearfix\">\n                \t\t<article class=\"qodef-pl-item qodef-item-space  qodef-stack-slide post-204 portfolio-item type-portfolio-item status-publish has-post-thumbnail hentry portfolio-category-residentiel portfolio-category-rideaux portfolio-category-store\">\n\t<div class=\"qodef-pl-item-inner\">\n\t\t<img width=\"2000\" height=\"1334\" src=\"https:\/\/ateliersfaure.com\/wp-content\/uploads\/2021\/03\/A7R7911-HDR-2.jpg\" class=\"attachment-full size-full wp-post-image\" alt=\"\" loading=\"lazy\" srcset=\"https:\/\/ateliersfaure.com\/wp-content\/uploads\/2021\/03\/A7R7911-HDR-2.jpg 2000w, https:\/\/ateliersfaure.com\/wp-content\/uploads\/2021\/03\/A7R7911-HDR-2-300x200.jpg 300w, https:\/\/ateliersfaure.com\/wp-content\/uploads\/2021\/03\/A7R7911-HDR-2-1024x683.jpg 1024w, https:\/\/ateliersfaure.com\/wp-content\/uploads\/2021\/03\/A7R7911-HDR-2-768x512.jpg 768w, https:\/\/ateliersfaure.com\/wp-content\/uploads\/2021\/03\/A7R7911-HDR-2-1536x1025.jpg 1536w\" sizes=\"(max-width: 2000px) 100vw, 2000px\" \/><div class=\"qodef-info-box-data-hidden\">\n\t<h2>Port Royal<\/h2>\n\t\t<a href=\"https:\/\/ateliersfaure.com\/fr\/portfolio-item\/portroyal\/\"><\/a>\n<\/div>\n\t\t<a itemprop=\"url\" class=\"qodef-pli-link qodef-block-drag-link\" href=\"https:\/\/ateliersfaure.com\/fr\/portfolio-item\/portroyal\/\" target=\"_self\"><\/a>\n\t<\/div>\n<\/article>\t\t<\/div>\n\t\n\t<\/div><div class=\"qodef-info-box qodef-info-box-hidden\"><a class=\"qodef-pli-link-title\" href=\"#\"><h2 itemprop=\"name\" class=\"qodef-pli-title entry-title\"><\/h2><\/a><div class=\"qodef-pli-btn-holder\"><a class=\"qodef-btn-plus\" href=\"#\"><span class=\"qodef-btn-line-1\"><\/span><span class=\"qodef-btn-line-2\"><\/span><\/a><\/div><\/div><div class=\"qodef-slider-nav\"><div class=\"qodef-prev\"><span class=\"qodef-prev-icon lnr lnr-chevron-left\"><\/span><\/div><div class=\"qodef-next\"><span class=\"qodef-next-icon lnr lnr-chevron-right\"><\/span><\/div><\/div><\/div>\t\t<\/div>\n\t<\/div>\n<\/div><\/div>[vc_row_inner][vc_column_inner][vc_column_text][\/vc_column_text][\/vc_column_inner][\/vc_row_inner][\/vc_column][\/vc_row][vc_row row_content_width=\u00a0\u00bbgrid\u00a0\u00bb content_text_aligment=\u00a0\u00bbcenter\u00a0\u00bb css=\u00a0\u00bb.vc_custom_1527672857581{padding-right: 5% !important;padding-bottom: 100px !important;padding-left: 5% !important;}\u00a0\u00bb][vc_column offset=\u00a0\u00bbvc_col-lg-offset-2 vc_col-lg-8&Prime;]<div class=\"qodef-section-title-holder  qodef-st-standard qodef-st-title-left qodef-st-normal-space  \" >\n\t<div class=\"qodef-st-inner\">\n        \t\t\t\t\t<\/div>\n<\/div>[vc_row_inner][vc_column_inner][\/vc_column_inner][\/vc_row_inner][\/vc_column][\/vc_row][vc_row row_content_width=\u00a0\u00bbgrid\u00a0\u00bb content_text_aligment=\u00a0\u00bbcenter\u00a0\u00bb css=\u00a0\u00bb.vc_custom_1527672857581{padding-right: 5% !important;padding-bottom: 100px !important;padding-left: 5% !important;}\u00a0\u00bb][vc_column offset=\u00a0\u00bbvc_col-lg-offset-2 vc_col-lg-8&Prime;]<div class=\"qodef-section-title-holder  qodef-st-corners qodef-st-title-left qodef-st-normal-space  \" >\n\t<div class=\"qodef-st-inner\">\n                    <span class=\"qodef-corner-line line-1\"><\/span>\n            <span class=\"qodef-corner-line line-2\"><\/span>\n            <span class=\"qodef-corner-line line-3\"><\/span>\n            <span class=\"qodef-corner-line line-4\"><\/span>\n        \t\t\t\t\t<h2 class=\"qodef-st-title\" >\n\t\t\t\tATELIERS FAURE\t\t\t<\/h2>\n\t\t\t\t\t\t\t<span class=\"qodef-st-text\" >\n\t\t\t\tLe travail du tissu dans la d\u00e9coration et l\u2019architecture d\u2019int\u00e9rieur.\t\t\t<\/span>\n\t\t\t<\/div>\n<\/div>[vc_row_inner][vc_column_inner][\/vc_column_inner][\/vc_row_inner][\/vc_column][\/vc_row][vc_row content_placement=\u00a0\u00bbmiddle\u00a0\u00bb content_text_aligment=\u00a0\u00bbleft\u00a0\u00bb css=\u00a0\u00bb.vc_custom_1526641705054{padding-bottom: 120px !important;}\u00a0\u00bb][vc_column]<div class=\"qodef-accordion-holder qodef-ac-default  qodef-accordion qodef-in-grid  clearfix\">\n\t<h5 class=\"qodef-accordion-title\">\n    <span class=\"qodef-accordion-width\">\n        <span class=\"qodef-tab-title\">Nous sommes f\u00e9d\u00e9r\u00e9s autour des valeurs suivantes<\/span>\n        <span class=\"qodef-accordion-mark\">\n            <span class=\"qodef_icon_plus icon_plus\"><\/span>\n            <span class=\"qodef_icon_minus icon_minus-06\"><\/span>\n        <\/span>\n    <\/span>\n<\/h5>\n<div class=\"qodef-accordion-content\">\n\t<div class=\"qodef-accordion-content-inner\">\n        <div class=\"qodef-accordion-width\">\n\t\t    [vc_row_inner][vc_column_inner]<div class=\"qodef-image-info-section-holder    qodef-image-on-right-side\">\n    <div class=\"qodef-iis-image\">\n        <div class=\"qodef-iis-image-inner\">\n                                                <img width=\"2000\" height=\"1334\" src=\"https:\/\/ateliersfaure.com\/wp-content\/uploads\/2021\/03\/A7R8029.jpg\" class=\"attachment-full size-full\" alt=\"\" loading=\"lazy\" srcset=\"https:\/\/ateliersfaure.com\/wp-content\/uploads\/2021\/03\/A7R8029.jpg 2000w, https:\/\/ateliersfaure.com\/wp-content\/uploads\/2021\/03\/A7R8029-300x200.jpg 300w, https:\/\/ateliersfaure.com\/wp-content\/uploads\/2021\/03\/A7R8029-1024x683.jpg 1024w, https:\/\/ateliersfaure.com\/wp-content\/uploads\/2021\/03\/A7R8029-768x512.jpg 768w, https:\/\/ateliersfaure.com\/wp-content\/uploads\/2021\/03\/A7R8029-1536x1025.jpg 1536w\" sizes=\"(max-width: 2000px) 100vw, 2000px\" \/>                                    <\/div>\n    <\/div>\n    <div class=\"qodef-iis-text-holder\">\n        <div class=\"qodef-iis-text-inner\">\n                            <h3 class=\"qodef-iis-title\" style=\"margin-top: EXIGENCEpx\">EXIGENCE<\/h3>\n                                        <p class=\"qodef-iis-text\" style=\"margin-top: 14px\">S\u2019imposer une exigence \u00e9lev\u00e9e comme gage de qualit\u00e9 dans la confection de nos produits, dans le soin apport\u00e9 aux d\u00e9tails, dans notre rapport \u00e0 chaque interlocuteur<\/p>\n                                        <div class=\"qodef-iis-button\">\n                    <a itemprop=\"url\" href=\"http:\/\/dessau.select-themes.com\/about-us\/\" target=\"_self\"  class=\"qodef-btn qodef-btn-medium qodef-btn-dessau\"  >\t        <div class=\"qodef-btn-plus\">            <span class=\"qodef-btn-line-1\"><\/span>            <span class=\"qodef-btn-line-2\"><\/span>        <\/div>\t<\/a>                <\/div>\n                     <\/div>\n    <\/div>\n<\/div>[\/vc_column_inner][\/vc_row_inner]        <\/div>\n\t<\/div>\n<\/div><h5 class=\"qodef-accordion-title\">\n    <span class=\"qodef-accordion-width\">\n        <span class=\"qodef-tab-title\">ECOUTE<\/span>\n        <span class=\"qodef-accordion-mark\">\n            <span class=\"qodef_icon_plus icon_plus\"><\/span>\n            <span class=\"qodef_icon_minus icon_minus-06\"><\/span>\n        <\/span>\n    <\/span>\n<\/h5>\n<div class=\"qodef-accordion-content\">\n\t<div class=\"qodef-accordion-content-inner\">\n        <div class=\"qodef-accordion-width\">\n\t\t    [vc_row_inner][vc_column_inner]<div class=\"qodef-image-info-section-holder    qodef-image-on-right-side\">\n    <div class=\"qodef-iis-image\">\n        <div class=\"qodef-iis-image-inner\">\n                                                <img width=\"2000\" height=\"1334\" src=\"https:\/\/ateliersfaure.com\/wp-content\/uploads\/2021\/03\/A7R7994-1.jpg\" class=\"attachment-full size-full\" alt=\"\" loading=\"lazy\" srcset=\"https:\/\/ateliersfaure.com\/wp-content\/uploads\/2021\/03\/A7R7994-1.jpg 2000w, https:\/\/ateliersfaure.com\/wp-content\/uploads\/2021\/03\/A7R7994-1-300x200.jpg 300w, https:\/\/ateliersfaure.com\/wp-content\/uploads\/2021\/03\/A7R7994-1-1024x683.jpg 1024w, https:\/\/ateliersfaure.com\/wp-content\/uploads\/2021\/03\/A7R7994-1-768x512.jpg 768w, https:\/\/ateliersfaure.com\/wp-content\/uploads\/2021\/03\/A7R7994-1-1536x1025.jpg 1536w\" sizes=\"(max-width: 2000px) 100vw, 2000px\" \/>                                    <\/div>\n    <\/div>\n    <div class=\"qodef-iis-text-holder\">\n        <div class=\"qodef-iis-text-inner\">\n                            <h3 class=\"qodef-iis-title\" style=\"margin-top: ECOUTEpx\">ECOUTE<\/h3>\n                                        <p class=\"qodef-iis-text\" style=\"margin-top: 14px\">\u00catre empatique, centrer notre d\u00e9marche autour de l\u2019\u00e9coute de nos clients, mais \u00e9galement entre collaborateurs et fournisseurs. Avancer en bonne intelligence dans le respect de chacun.<\/p>\n                                        <div class=\"qodef-iis-button\">\n                    <a itemprop=\"url\" href=\"http:\/\/dessau.select-themes.com\/our-studio\/\" target=\"_self\"  class=\"qodef-btn qodef-btn-medium qodef-btn-dessau\"  >\t        <div class=\"qodef-btn-plus\">            <span class=\"qodef-btn-line-1\"><\/span>            <span class=\"qodef-btn-line-2\"><\/span>        <\/div>\t<\/a>                <\/div>\n                     <\/div>\n    <\/div>\n<\/div>[\/vc_column_inner][\/vc_row_inner]        <\/div>\n\t<\/div>\n<\/div><h5 class=\"qodef-accordion-title\">\n    <span class=\"qodef-accordion-width\">\n        <span class=\"qodef-tab-title\">Engagement<\/span>\n        <span class=\"qodef-accordion-mark\">\n            <span class=\"qodef_icon_plus icon_plus\"><\/span>\n            <span class=\"qodef_icon_minus icon_minus-06\"><\/span>\n        <\/span>\n    <\/span>\n<\/h5>\n<div class=\"qodef-accordion-content\">\n\t<div class=\"qodef-accordion-content-inner\">\n        <div class=\"qodef-accordion-width\">\n\t\t    [vc_row_inner][vc_column_inner]<div class=\"qodef-image-info-section-holder    qodef-image-on-right-side\">\n    <div class=\"qodef-iis-image\">\n        <div class=\"qodef-iis-image-inner\">\n                                                <img width=\"2000\" height=\"1334\" src=\"https:\/\/ateliersfaure.com\/wp-content\/uploads\/2021\/03\/A7R8380.jpeg\" class=\"attachment-full size-full\" alt=\"\" loading=\"lazy\" srcset=\"https:\/\/ateliersfaure.com\/wp-content\/uploads\/2021\/03\/A7R8380.jpeg 2000w, https:\/\/ateliersfaure.com\/wp-content\/uploads\/2021\/03\/A7R8380-300x200.jpeg 300w, https:\/\/ateliersfaure.com\/wp-content\/uploads\/2021\/03\/A7R8380-1024x683.jpeg 1024w, https:\/\/ateliersfaure.com\/wp-content\/uploads\/2021\/03\/A7R8380-768x512.jpeg 768w, https:\/\/ateliersfaure.com\/wp-content\/uploads\/2021\/03\/A7R8380-1536x1025.jpeg 1536w\" sizes=\"(max-width: 2000px) 100vw, 2000px\" \/>                                    <\/div>\n    <\/div>\n    <div class=\"qodef-iis-text-holder\">\n        <div class=\"qodef-iis-text-inner\">\n                            <h3 class=\"qodef-iis-title\" style=\"margin-top: ENGAGEMENTpx\">ENGAGEMENT<\/h3>\n                                        <p class=\"qodef-iis-text\" style=\"margin-top: 14px\">S\u2019approprier les projets confi\u00e9s pour donner le meilleur de soi-m\u00eame, savoir se remettre en question pour concevoir des produits faits pour durer.<\/p>\n                                        <div class=\"qodef-iis-button\">\n                    <a itemprop=\"url\" href=\"http:\/\/dessau.select-themes.com\/portfolio\/standard\/\" target=\"_self\"  class=\"qodef-btn qodef-btn-medium qodef-btn-dessau\"  >\t        <div class=\"qodef-btn-plus\">            <span class=\"qodef-btn-line-1\"><\/span>            <span class=\"qodef-btn-line-2\"><\/span>        <\/div>\t<\/a>                <\/div>\n                     <\/div>\n    <\/div>\n<\/div>[\/vc_column_inner][\/vc_row_inner]        <\/div>\n\t<\/div>\n<\/div><h5 class=\"qodef-accordion-title\">\n    <span class=\"qodef-accordion-width\">\n        <span class=\"qodef-tab-title\">ETHIQUE &amp; TRANSMISSION<\/span>\n        <span class=\"qodef-accordion-mark\">\n            <span class=\"qodef_icon_plus icon_plus\"><\/span>\n            <span class=\"qodef_icon_minus icon_minus-06\"><\/span>\n        <\/span>\n    <\/span>\n<\/h5>\n<div class=\"qodef-accordion-content\">\n\t<div class=\"qodef-accordion-content-inner\">\n        <div class=\"qodef-accordion-width\">\n\t\t    [vc_row_inner][vc_column_inner]<div class=\"qodef-image-info-section-holder    qodef-image-on-right-side\">\n    <div class=\"qodef-iis-image\">\n        <div class=\"qodef-iis-image-inner\">\n                                                <img width=\"2000\" height=\"1334\" src=\"https:\/\/ateliersfaure.com\/wp-content\/uploads\/2021\/03\/A7R7911-HDR-2.jpg\" class=\"attachment-full size-full\" alt=\"\" loading=\"lazy\" srcset=\"https:\/\/ateliersfaure.com\/wp-content\/uploads\/2021\/03\/A7R7911-HDR-2.jpg 2000w, https:\/\/ateliersfaure.com\/wp-content\/uploads\/2021\/03\/A7R7911-HDR-2-300x200.jpg 300w, https:\/\/ateliersfaure.com\/wp-content\/uploads\/2021\/03\/A7R7911-HDR-2-1024x683.jpg 1024w, https:\/\/ateliersfaure.com\/wp-content\/uploads\/2021\/03\/A7R7911-HDR-2-768x512.jpg 768w, https:\/\/ateliersfaure.com\/wp-content\/uploads\/2021\/03\/A7R7911-HDR-2-1536x1025.jpg 1536w\" sizes=\"(max-width: 2000px) 100vw, 2000px\" \/>                                    <\/div>\n    <\/div>\n    <div class=\"qodef-iis-text-holder\">\n        <div class=\"qodef-iis-text-inner\">\n                            <h3 class=\"qodef-iis-title\" style=\"margin-top: ETHIQUE &amp; TRANSMISSIONpx\">ETHIQUE &amp; TRANSMISSION<\/h3>\n                                        <p class=\"qodef-iis-text\" style=\"margin-top: 14px\">Faire perdurer des techniques ancestrales, p\u00e9renniser les m\u00e9tiers d\u2019artisanat d\u2019art, r\u00e9mun\u00e9rer les artisans au prix juste sont les clefs de vo\u00fbte de notre d\u00e9marche.<\/p>\n                                        <div class=\"qodef-iis-button\">\n                    <a itemprop=\"url\" href=\"http:\/\/dessau.select-themes.com\/our-offices\/\" target=\"_self\"  class=\"qodef-btn qodef-btn-medium qodef-btn-dessau\"  >\t        <div class=\"qodef-btn-plus\">            <span class=\"qodef-btn-line-1\"><\/span>            <span class=\"qodef-btn-line-2\"><\/span>        <\/div>\t<\/a>                <\/div>\n                     <\/div>\n    <\/div>\n<\/div>[\/vc_column_inner][\/vc_row_inner]        <\/div>\n\t<\/div>\n<\/div><\/div>[\/vc_column][\/vc_row][vc_row row_content_width=\u00a0\u00bbgrid\u00a0\u00bb content_text_aligment=\u00a0\u00bbcenter\u00a0\u00bb css=\u00a0\u00bb.vc_custom_1527672857581{padding-right: 5% !important;padding-bottom: 100px !important;padding-left: 5% !important;}\u00a0\u00bb][vc_column offset=\u00a0\u00bbvc_col-lg-offset-2 vc_col-lg-8&Prime;]<div class=\"qodef-section-title-holder  qodef-st-corners qodef-st-title-left qodef-st-normal-space  \" >\n\t<div class=\"qodef-st-inner\">\n                    <span class=\"qodef-corner-line line-1\"><\/span>\n            <span class=\"qodef-corner-line line-2\"><\/span>\n            <span class=\"qodef-corner-line line-3\"><\/span>\n            <span class=\"qodef-corner-line line-4\"><\/span>\n        \t\t\t\t\t<h2 class=\"qodef-st-title\" >\n\t\t\t\tNous contacter\t\t\t<\/h2>\n\t\t\t\t\t\t\t<span class=\"qodef-st-text\" >\n\t\t\t\tcontact@ateliersfaure.com<br \/>\n33 (0) 616 293 829<\/p>\n<p>PARIS 17\u00e8me\t\t\t<\/span>\n\t\t\t<\/div>\n<\/div>[\/vc_column][\/vc_row]<\/p>\n","protected":false},"excerpt":{"rendered":"<p>[vc_row][vc_column][vc_row_inner][vc_column_inner][vc_column_text][\/vc_column_text][\/vc_column_inner][\/vc_row_inner][\/vc_column][\/vc_row][vc_row row_content_width=\u00a0\u00bbgrid\u00a0\u00bb content_text_aligment=\u00a0\u00bbcenter\u00a0\u00bb css=\u00a0\u00bb.vc_custom_1527672857581{padding-right: 5% !important;padding-bottom: 100px !important;padding-left: 5% !important;}\u00a0\u00bb][vc_column offset=\u00a0\u00bbvc_col-lg-offset-2 vc_col-lg-8&Prime;][vc_row_inner][vc_column_inner][\/vc_column_inner][\/vc_row_inner][\/vc_column][\/vc_row][vc_row row_content_width=\u00a0\u00bbgrid\u00a0\u00bb content_text_aligment=\u00a0\u00bbcenter\u00a0\u00bb css=\u00a0\u00bb.vc_custom_1527672857581{padding-right: 5% !important;padding-bottom: 100px !important;padding-left: 5% !important;}\u00a0\u00bb][vc_column offset=\u00a0\u00bbvc_col-lg-offset-2 vc_col-lg-8&Prime;][vc_row_inner][vc_column_inner][\/vc_column_inner][\/vc_row_inner][\/vc_column][\/vc_row][vc_row content_placement=\u00a0\u00bbmiddle\u00a0\u00bb content_text_aligment=\u00a0\u00bbleft\u00a0\u00bb css=\u00a0\u00bb.vc_custom_1526641705054{padding-bottom: 120px !important;}\u00a0\u00bb][vc_column][\/vc_column][\/vc_row][vc_row row_content_width=\u00a0\u00bbgrid\u00a0\u00bb content_text_aligment=\u00a0\u00bbcenter\u00a0\u00bb css=\u00a0\u00bb.vc_custom_1527672857581{padding-right: 5% !important;padding-bottom: 100px !important;padding-left: 5% !important;}\u00a0\u00bb][vc_column offset=\u00a0\u00bbvc_col-lg-offset-2 vc_col-lg-8&Prime;][\/vc_column][\/vc_row]<\/p>\n","protected":false},"author":1,"featured_media":0,"parent":0,"menu_order":0,"comment_status":"closed","ping_status":"closed","template":"","meta":[],"_links":{"self":[{"href":"https:\/\/ateliersfaure.com\/fr\/wp-json\/wp\/v2\/pages\/5460"}],"collection":[{"href":"https:\/\/ateliersfaure.com\/fr\/wp-json\/wp\/v2\/pages"}],"about":[{"href":"https:\/\/ateliersfaure.com\/fr\/wp-json\/wp\/v2\/types\/page"}],"author":[{"embeddable":true,"href":"https:\/\/ateliersfaure.com\/fr\/wp-json\/wp\/v2\/users\/1"}],"replies":[{"embeddable":true,"href":"https:\/\/ateliersfaure.com\/fr\/wp-json\/wp\/v2\/comments?post=5460"}],"version-history":[{"count":85,"href":"https:\/\/ateliersfaure.com\/fr\/wp-json\/wp\/v2\/pages\/5460\/revisions"}],"predecessor-version":[{"id":7384,"href":"https:\/\/ateliersfaure.com\/fr\/wp-json\/wp\/v2\/pages\/5460\/revisions\/7384"}],"wp:attachment":[{"href":"https:\/\/ateliersfaure.com\/fr\/wp-json\/wp\/v2\/media?parent=5460"}],"curies":[{"name":"wp","href":"https:\/\/api.w.org\/{rel}","templated":true}]}}